{"id":28,"date":"2025-09-06T16:17:54","date_gmt":"2025-09-06T14:17:54","guid":{"rendered":"https:\/\/salvatornetz.de\/sprachcafe\/?page_id=28"},"modified":"2025-10-04T07:26:27","modified_gmt":"2025-10-04T05:26:27","slug":"e-mails","status":"publish","type":"page","link":"https:\/\/salvatornetz.de\/sprachcafe\/about\/e-mails\/","title":{"rendered":"E-Mails"},"content":{"rendered":"\n<p>Eine Liste mit den Mails von allgemeinem Interesse f\u00fcr den Ukraine-Treff, die bis zum 4.10.25 an an sprcafe att web.de gesendet wurden. Privates wurde und wird entfernt.<\/p>\n\n\n\n<hr class=\"wp-block-separator has-alpha-channel-opacity is-style-wide\"\/>\n\n\n\n<figure class=\"wp-block-table\"><table class=\"has-fixed-layout\"><tbody><tr><td>8. Oktober 2024: <strong>Bitte um Auskunft<\/strong><br>Sehr geehrte Damen und Herren,<br>Kann ich Auskunft dar\u00fcber erhalten, an welchen Tagen und zu welcher Uhrzeit das Sprachcafe ge\u00f6ffnet hat? Was muss ich tun, um teilzunehmen?<br>Ich freue mich auf Ihre R\u00fcckmeldung.<\/td><\/tr><tr><td><strong>Antwort:<\/strong><br>Der Ukrainetreff, das Sprachcaf\u00e9, findet immer am Mittwoch statt.<br>Um 12.30 Uhr treffen sich die Anf\u00e4nger.<br>Um 14:00 Uhr gibt es eine gemeinsame Pause und Gelegenheit zum freien Sprechen.<br>Um 14:30 Uhr geht es dann weiter f\u00fcr die Fortgeschrittenen bis um 15:30 Uhr.<br>Au\u00dferhalb der Treffen am Mittwoch bietet diese Webseite hier Gelegenheit f\u00fcr Kontakte aller Art untereinander.<br>Um teilzunehmen kommst du am Mittwoch zur Bibliothek um 12:30 Uhr (Anf\u00e4nger) oder um 14:30 Uhr (Fortgeschrittene).<br>Du findest uns auf dem Gel\u00e4nde der Salvatorkirche am S-Bahnhof Lichtenrade, Pfarrer-L\u00fctkehaus-Platz 1, in 12307 Berlin<br>\u00dcbrigens: Das Sprachcafe gibt es seitdem Fl\u00fcchtlinge aus der Ukraine kommen.<br>Es soll Gelegenheit bieten, die anderswo erworbenen Deutschkenntnisse anzuwenden und zu \u00fcben. Das Sprachcafe ist ein kostenloser Treffpunkt, also kein professioneller Deutschkurs und keine professionelle Sprachschule. Dennoch gibt es auch bei uns viel Arbeitsmaterial und Gelegenheit f\u00fcr Hausaufgaben und deren Korrektur beim Treffen.<\/td><\/tr><\/tbody><\/table><\/figure>\n\n\n\n<p>Weitere E-Mails kommen hier auf die Unterseiten. <\/p>\n","protected":false},"excerpt":{"rendered":"<p>Eine Liste mit den Mails von allgemeinem Interesse f\u00fcr den Ukraine-Treff, die bis zum 4.10.25 an an sprcafe att web.de gesendet wurden. Privates wurde und wird entfernt. 8. Oktober 2024: Bitte um AuskunftSehr geehrte Damen und Herren,Kann ich Auskunft dar\u00fcber erhalten, an welchen Tagen und zu welcher Uhrzeit das Sprachcafe ge\u00f6ffnet hat? Was muss ich &hellip; <a href=\"https:\/\/salvatornetz.de\/sprachcafe\/about\/e-mails\/\" class=\"more-link\"><span class=\"screen-reader-text\">\u201eE-Mails\u201c <\/span>weiterlesen<\/a><\/p>\n","protected":false},"author":1,"featured_media":0,"parent":19,"menu_order":0,"comment_status":"open","ping_status":"closed","template":"","meta":{"footnotes":""},"class_list":["post-28","page","type-page","status-publish","hentry"],"_links":{"self":[{"href":"https:\/\/salvatornetz.de\/sprachcafe\/wp-json\/wp\/v2\/pages\/28","targetHints":{"allow":["GET"]}}],"collection":[{"href":"https:\/\/salvatornetz.de\/sprachcafe\/wp-json\/wp\/v2\/pages"}],"about":[{"href":"https:\/\/salvatornetz.de\/sprachcafe\/wp-json\/wp\/v2\/types\/page"}],"author":[{"embeddable":true,"href":"https:\/\/salvatornetz.de\/sprachcafe\/wp-json\/wp\/v2\/users\/1"}],"replies":[{"embeddable":true,"href":"https:\/\/salvatornetz.de\/sprachcafe\/wp-json\/wp\/v2\/comments?post=28"}],"version-history":[{"count":5,"href":"https:\/\/salvatornetz.de\/sprachcafe\/wp-json\/wp\/v2\/pages\/28\/revisions"}],"predecessor-version":[{"id":122,"href":"https:\/\/salvatornetz.de\/sprachcafe\/wp-json\/wp\/v2\/pages\/28\/revisions\/122"}],"up":[{"embeddable":true,"href":"https:\/\/salvatornetz.de\/sprachcafe\/wp-json\/wp\/v2\/pages\/19"}],"wp:attachment":[{"href":"https:\/\/salvatornetz.de\/sprachcafe\/wp-json\/wp\/v2\/media?parent=28"}],"curies":[{"name":"wp","href":"https:\/\/api.w.org\/{rel}","templated":true}]}}