{"id":36,"date":"2025-09-07T15:28:03","date_gmt":"2025-09-07T13:28:03","guid":{"rendered":"https:\/\/salvatornetz.de\/sprachcafe\/?page_id=36"},"modified":"2025-09-09T15:38:44","modified_gmt":"2025-09-09T13:38:44","slug":"text-pruefen","status":"publish","type":"page","link":"https:\/\/salvatornetz.de\/sprachcafe\/text-pruefen\/","title":{"rendered":"Text pr\u00fcfen"},"content":{"rendered":"\n<p>Die Frage lautet, wer pr\u00fcft mein Deutsch, bevor ich das Schreiben abschicke.<br>Eine Antwort lautet: Auf dieser Webseite gibt es Hilfe:<br><a href=\"https:\/\/www.scribbr.de\/rechtschreibpruefung\/\">https:\/\/www.scribbr.de\/rechtschreibpruefung\/<\/a><\/p>\n\n\n\n<p>Ich m\u00f6chte das probieren. Also schreibe ich mit meinem besten Deutsch:<br><\/p>\n\n\n\n<blockquote class=\"wp-block-quote is-layout-flow wp-block-quote-is-layout-flow\">\n<p>Das <strong>Sprachcafe<\/strong> wird von Frau Doris geleitet. Teilnehmen kann jeder. <strong>Voraussetung<\/strong> ist eine regelm\u00e4\u00dfige Teilnahme.<br>Das Sprachcafe findet regelm\u00e4\u00dfig am Mittwoch statt. Um 12:30 Uhr treffen sich die Anf\u00e4nger. Um 14 Uhr geht es in die Pause zum Quatschen, zu der die Fortgeschrittenen dazu kommen. Ab 14:30 Uhr startet dann das Cafe f\u00fcr die Fortgeschrittenen bis 16 Uhr.<br>Das Sprachcafe findet in der Gemeinde Salvator in Lichtenrade statt.<\/p>\n<\/blockquote>\n\n\n\n<p>F\u00fcr das professionelle nicht kostenlose Pr\u00fcfen muss dieser Text *docx oder *.pdf abgespeichert werden. Dann l\u00e4sst er sich auf scribbr.de auch hochladen und nach einer Anmeldung gibt es viele Arten von Unterst\u00fctzung. Das Ergebnis f\u00fcr oben ist:<\/p>\n\n\n\n<figure class=\"wp-block-image size-full is-resized\"><img loading=\"lazy\" decoding=\"async\" width=\"573\" height=\"689\" src=\"https:\/\/salvatornetz.de\/sprachcafe\/wp-content\/uploads\/2025\/09\/probe.png\" alt=\"Kostenlose Textpr\u00fcfung\" class=\"wp-image-37\" style=\"width:630px;height:auto\" srcset=\"https:\/\/salvatornetz.de\/sprachcafe\/wp-content\/uploads\/2025\/09\/probe.png 573w, https:\/\/salvatornetz.de\/sprachcafe\/wp-content\/uploads\/2025\/09\/probe-249x300.png 249w\" sizes=\"auto, (max-width: 573px) 85vw, 573px\" \/><\/figure>\n\n\n\n<p>Aber es soll ja kostenlos sein. Hierzu wird der Text von Hand in das Eingabefeld kopiert und die Fehler werden angezeigt. Das sind also die 5 Fehler oben: Viermal das Sprachcafe und das Cafe ohne Akzent, richtig sind Sprachcaf\u00e9 und weiter unten das Caf\u00e9. Und dann fehlt bei Voraussetung das z f\u00fcr die Voraussetzung.<\/p>\n\n\n\n<hr class=\"wp-block-separator has-alpha-channel-opacity is-style-wide\"\/>\n\n\n\n<p>Eine andere Antwort lautet, es passiert ja viel im Softwarebereich. Bei der Textverarbeitung (z.B. Google, Libre- oder Open Office) ist ja eine automatische Verbesserungen von Schreib- und Grammatikfehlern m\u00f6glich. Beim E-Mail verfasse werden Korrekturen angezeigt.<br><br>Kommentiere bitte, was du erlebt hast.<\/p>\n\n\n\n<p><\/p>\n","protected":false},"excerpt":{"rendered":"<p>Die Frage lautet, wer pr\u00fcft mein Deutsch, bevor ich das Schreiben abschicke.Eine Antwort lautet: Auf dieser Webseite gibt es Hilfe:https:\/\/www.scribbr.de\/rechtschreibpruefung\/ Ich m\u00f6chte das probieren. Also schreibe ich mit meinem besten Deutsch: Das Sprachcafe wird von Frau Doris geleitet. Teilnehmen kann jeder. Voraussetung ist eine regelm\u00e4\u00dfige Teilnahme.Das Sprachcafe findet regelm\u00e4\u00dfig am Mittwoch statt. Um 12:30 Uhr &hellip; <a href=\"https:\/\/salvatornetz.de\/sprachcafe\/text-pruefen\/\" class=\"more-link\"><span class=\"screen-reader-text\">\u201eText pr\u00fcfen\u201c <\/span>weiterlesen<\/a><\/p>\n","protected":false},"author":1,"featured_media":0,"parent":0,"menu_order":0,"comment_status":"open","ping_status":"closed","template":"","meta":{"footnotes":""},"class_list":["post-36","page","type-page","status-publish","hentry"],"_links":{"self":[{"href":"https:\/\/salvatornetz.de\/sprachcafe\/wp-json\/wp\/v2\/pages\/36","targetHints":{"allow":["GET"]}}],"collection":[{"href":"https:\/\/salvatornetz.de\/sprachcafe\/wp-json\/wp\/v2\/pages"}],"about":[{"href":"https:\/\/salvatornetz.de\/sprachcafe\/wp-json\/wp\/v2\/types\/page"}],"author":[{"embeddable":true,"href":"https:\/\/salvatornetz.de\/sprachcafe\/wp-json\/wp\/v2\/users\/1"}],"replies":[{"embeddable":true,"href":"https:\/\/salvatornetz.de\/sprachcafe\/wp-json\/wp\/v2\/comments?post=36"}],"version-history":[{"count":5,"href":"https:\/\/salvatornetz.de\/sprachcafe\/wp-json\/wp\/v2\/pages\/36\/revisions"}],"predecessor-version":[{"id":107,"href":"https:\/\/salvatornetz.de\/sprachcafe\/wp-json\/wp\/v2\/pages\/36\/revisions\/107"}],"wp:attachment":[{"href":"https:\/\/salvatornetz.de\/sprachcafe\/wp-json\/wp\/v2\/media?parent=36"}],"curies":[{"name":"wp","href":"https:\/\/api.w.org\/{rel}","templated":true}]}}