{"id":52,"date":"2025-09-07T16:50:38","date_gmt":"2025-09-07T14:50:38","guid":{"rendered":"https:\/\/salvatornetz.de\/sprachcafe\/?page_id=52"},"modified":"2025-09-09T07:21:37","modified_gmt":"2025-09-09T05:21:37","slug":"wann-und-wo","status":"publish","type":"page","link":"https:\/\/salvatornetz.de\/sprachcafe\/ukraine-treff\/wann-und-wo\/","title":{"rendered":"Wann und Wo"},"content":{"rendered":"\n<ul class=\"wp-block-list\">\n<li>Zu Beginn des Ukrainekrieges startete das Caf\u00e9 um Menschen aus Krisen- und Kriegsgebieten zu helfen, die deutsche Sprache zu lernen und zu \u00fcben.<\/li>\n\n\n\n<li>Das Sprachcaf\u00e9 wird als Teil der Ukrainehilfe von Ehrenamtlichen der Salvatorgemeinde gef\u00fchrt und definiert sich auch als Ukrainehilfe.<\/li>\n\n\n\n<li>Willkommen sind auch alle Deutschen, die als Sprachpartner mithelfen k\u00f6nnen.<\/li>\n\n\n\n<li>Das Sprachcaf\u00e9 findet regelm\u00e4\u00dfig am Mittwoch statt. Um 12:30 Uhr treffen sich die Anf\u00e4nger. Um 14:00 Uhr beginnt eine Pause gemeinsam mit den Fortgeschrittenen. Ab 14:30 Uhr startet dann das Caf\u00e9 mit den Fortgeschrittenen bis 16:00 Uhr.<\/li>\n\n\n\n<li>Das Sprachcafe findet in der B\u00fccherei der Gemeinde Salvator statt.<\/li>\n\n\n\n<li>Das Sprachcaf\u00e9 wird von Frau Doris Rost geleitet.<\/li>\n<\/ul>\n\n\n\n<hr class=\"wp-block-separator has-alpha-channel-opacity is-style-wide\"\/>\n\n\n\n<p>Das Sprachcaf\u00e9 findet in der Bibliothek statt.<\/p>\n\n\n\n<ul class=\"wp-block-list\">\n<li>Die ist in dem roten Gemeindehaus auf der Ostseite des S-Bahnhofs Lichtenrade.<\/li>\n<\/ul>\n\n\n\n<figure class=\"wp-block-image size-full is-resized\"><img loading=\"lazy\" decoding=\"async\" width=\"494\" height=\"368\" src=\"https:\/\/salvatornetz.de\/sprachcafe\/wp-content\/uploads\/2025\/09\/sprachcafe1.jpg\" alt=\"\" class=\"wp-image-53\" style=\"width:630px;height:auto\" srcset=\"https:\/\/salvatornetz.de\/sprachcafe\/wp-content\/uploads\/2025\/09\/sprachcafe1.jpg 494w, https:\/\/salvatornetz.de\/sprachcafe\/wp-content\/uploads\/2025\/09\/sprachcafe1-300x223.jpg 300w\" sizes=\"auto, (max-width: 494px) 85vw, 494px\" \/><\/figure>\n\n\n\n<ul class=\"wp-block-list\">\n<li>Bei der Anzeigentafel geht es hinein.<\/li>\n<\/ul>\n\n\n\n<figure class=\"wp-block-image size-full is-resized\"><img loading=\"lazy\" decoding=\"async\" width=\"492\" height=\"364\" src=\"https:\/\/salvatornetz.de\/sprachcafe\/wp-content\/uploads\/2025\/09\/sprachcafe2.jpg\" alt=\"\" class=\"wp-image-54\" style=\"width:630px;height:auto\" srcset=\"https:\/\/salvatornetz.de\/sprachcafe\/wp-content\/uploads\/2025\/09\/sprachcafe2.jpg 492w, https:\/\/salvatornetz.de\/sprachcafe\/wp-content\/uploads\/2025\/09\/sprachcafe2-300x222.jpg 300w\" sizes=\"auto, (max-width: 492px) 85vw, 492px\" \/><\/figure>\n\n\n\n<ul class=\"wp-block-list\">\n<li>An der Kirche vorbei geht es zur Eingangst\u00fcr rechts.<\/li>\n<\/ul>\n\n\n\n<figure class=\"wp-block-image size-full is-resized\"><img loading=\"lazy\" decoding=\"async\" width=\"497\" height=\"367\" src=\"https:\/\/salvatornetz.de\/sprachcafe\/wp-content\/uploads\/2025\/09\/sprachcafe3.jpg\" alt=\"\" class=\"wp-image-55\" style=\"width:630px;height:auto\" srcset=\"https:\/\/salvatornetz.de\/sprachcafe\/wp-content\/uploads\/2025\/09\/sprachcafe3.jpg 497w, https:\/\/salvatornetz.de\/sprachcafe\/wp-content\/uploads\/2025\/09\/sprachcafe3-300x222.jpg 300w\" sizes=\"auto, (max-width: 497px) 85vw, 497px\" \/><\/figure>\n\n\n\n<ul class=\"wp-block-list\">\n<li>Die T\u00fcr wird au\u00dfen und innen mit einer gro\u00dfen metallischen Kipptaste bedient.<\/li>\n\n\n\n<li>Einfach das Rechteck an der rechten Kante dr\u00fccken.<\/li>\n\n\n\n<li>Im Flur geradeaus und dann<\/li>\n<\/ul>\n\n\n\n<figure class=\"wp-block-image size-full is-resized\"><img loading=\"lazy\" decoding=\"async\" width=\"495\" height=\"368\" src=\"https:\/\/salvatornetz.de\/sprachcafe\/wp-content\/uploads\/2025\/09\/sprachcafe4.jpg\" alt=\"\" class=\"wp-image-56\" style=\"width:630px;height:auto\" srcset=\"https:\/\/salvatornetz.de\/sprachcafe\/wp-content\/uploads\/2025\/09\/sprachcafe4.jpg 495w, https:\/\/salvatornetz.de\/sprachcafe\/wp-content\/uploads\/2025\/09\/sprachcafe4-300x223.jpg 300w\" sizes=\"auto, (max-width: 495px) 85vw, 495px\" \/><\/figure>\n\n\n\n<ul class=\"wp-block-list\">\n<li>ist die Biblithek hinten links.<\/li>\n<\/ul>\n\n\n\n<figure class=\"wp-block-image size-full is-resized\"><img loading=\"lazy\" decoding=\"async\" width=\"442\" height=\"367\" src=\"https:\/\/salvatornetz.de\/sprachcafe\/wp-content\/uploads\/2025\/09\/sprachcafe5.jpg\" alt=\"\" class=\"wp-image-57\" style=\"width:630px;height:auto\" srcset=\"https:\/\/salvatornetz.de\/sprachcafe\/wp-content\/uploads\/2025\/09\/sprachcafe5.jpg 442w, https:\/\/salvatornetz.de\/sprachcafe\/wp-content\/uploads\/2025\/09\/sprachcafe5-300x249.jpg 300w\" sizes=\"auto, (max-width: 442px) 85vw, 442px\" \/><\/figure>\n\n\n\n<p>Willkommen!!!<\/p>\n","protected":false},"excerpt":{"rendered":"<p>Das Sprachcaf\u00e9 findet in der Bibliothek statt. Willkommen!!!<\/p>\n","protected":false},"author":1,"featured_media":0,"parent":6,"menu_order":0,"comment_status":"open","ping_status":"closed","template":"","meta":{"footnotes":""},"class_list":["post-52","page","type-page","status-publish","hentry"],"_links":{"self":[{"href":"https:\/\/salvatornetz.de\/sprachcafe\/wp-json\/wp\/v2\/pages\/52","targetHints":{"allow":["GET"]}}],"collection":[{"href":"https:\/\/salvatornetz.de\/sprachcafe\/wp-json\/wp\/v2\/pages"}],"about":[{"href":"https:\/\/salvatornetz.de\/sprachcafe\/wp-json\/wp\/v2\/types\/page"}],"author":[{"embeddable":true,"href":"https:\/\/salvatornetz.de\/sprachcafe\/wp-json\/wp\/v2\/users\/1"}],"replies":[{"embeddable":true,"href":"https:\/\/salvatornetz.de\/sprachcafe\/wp-json\/wp\/v2\/comments?post=52"}],"version-history":[{"count":3,"href":"https:\/\/salvatornetz.de\/sprachcafe\/wp-json\/wp\/v2\/pages\/52\/revisions"}],"predecessor-version":[{"id":96,"href":"https:\/\/salvatornetz.de\/sprachcafe\/wp-json\/wp\/v2\/pages\/52\/revisions\/96"}],"up":[{"embeddable":true,"href":"https:\/\/salvatornetz.de\/sprachcafe\/wp-json\/wp\/v2\/pages\/6"}],"wp:attachment":[{"href":"https:\/\/salvatornetz.de\/sprachcafe\/wp-json\/wp\/v2\/media?parent=52"}],"curies":[{"name":"wp","href":"https:\/\/api.w.org\/{rel}","templated":true}]}}