{"id":6,"date":"2025-09-06T15:42:46","date_gmt":"2025-09-06T13:42:46","guid":{"rendered":"https:\/\/salvatornetz.de\/sprachcafe\/?page_id=6"},"modified":"2026-02-03T21:59:56","modified_gmt":"2026-02-03T20:59:56","slug":"ukraine-treff","status":"publish","type":"page","link":"https:\/\/salvatornetz.de\/sprachcafe\/","title":{"rendered":"Ukraine-Treff"},"content":{"rendered":"\n<p>Unser Treffen findet immer mittwochs statt. Nach den Weihnachtsferien sind wir am 14.1.2026 frisch gestartet. W\u00e4hrend der Winterferien f\u00e4llt am 4.2.26 das Sprachcaf\u00e9 noch einmal aus. Am 11.2.26 geht es dann frisch weiter.<br><br>Hier auf dieser Webseite wird die Zeit zwischen den Treffen 24\/7 im Home-Office \u00fcberbr\u00fcckt.<br>Immer wenn es deine Zeit erlaubt, kannst du digital den Kontakt zu den anderen halten. Zum Beispiel im Kommentarfeld etwas berichten, Informationen mit den anderen teilen oder in die Runde fragen.<\/p>\n\n\n\n<p>Was kannst du mit diesem Home-Treff au\u00dferhalb des Mittwoch-Treffs anfangen?<\/p>\n\n\n\n<ul class=\"wp-block-list\">\n<li>Du nimmst dir die Zeit f\u00fcr diese Seiten, wann und sooft du willst.<\/li>\n\n\n\n<li>Bei allen Seiten kannst du kommentieren.<\/li>\n\n\n\n<li>In deinen Kommentaren stehen dann Erg\u00e4nzungen oder Fragen, Neuigkeiten, Privates oder Korrekturen.<\/li>\n\n\n\n<li>Im Kommentarfeld kannst du aber auch eine eigene Seite einreichen und abschicken. Dann wird dein Kommentar in deine geplante Seite umgewandelt.<\/li>\n\n\n\n<li>Wenn du verhindert bist, kannst du es die anderen wissen lassen und im Kontakt zur Gruppe bleiben.<\/li>\n<\/ul>\n","protected":false},"excerpt":{"rendered":"<p>Unser Treffen findet immer mittwochs statt. Nach den Weihnachtsferien sind wir am 14.1.2026 frisch gestartet. W\u00e4hrend der Winterferien f\u00e4llt am 4.2.26 das Sprachcaf\u00e9 noch einmal aus. Am 11.2.26 geht es dann frisch weiter. Hier auf dieser Webseite wird die Zeit zwischen den Treffen 24\/7 im Home-Office \u00fcberbr\u00fcckt.Immer wenn es deine Zeit erlaubt, kannst du digital &hellip; <a href=\"https:\/\/salvatornetz.de\/sprachcafe\/\" class=\"more-link\"><span class=\"screen-reader-text\">\u201eUkraine-Treff\u201c <\/span>weiterlesen<\/a><\/p>\n","protected":false},"author":1,"featured_media":0,"parent":0,"menu_order":0,"comment_status":"open","ping_status":"closed","template":"","meta":{"footnotes":""},"class_list":["post-6","page","type-page","status-publish","hentry"],"_links":{"self":[{"href":"https:\/\/salvatornetz.de\/sprachcafe\/wp-json\/wp\/v2\/pages\/6","targetHints":{"allow":["GET"]}}],"collection":[{"href":"https:\/\/salvatornetz.de\/sprachcafe\/wp-json\/wp\/v2\/pages"}],"about":[{"href":"https:\/\/salvatornetz.de\/sprachcafe\/wp-json\/wp\/v2\/types\/page"}],"author":[{"embeddable":true,"href":"https:\/\/salvatornetz.de\/sprachcafe\/wp-json\/wp\/v2\/users\/1"}],"replies":[{"embeddable":true,"href":"https:\/\/salvatornetz.de\/sprachcafe\/wp-json\/wp\/v2\/comments?post=6"}],"version-history":[{"count":9,"href":"https:\/\/salvatornetz.de\/sprachcafe\/wp-json\/wp\/v2\/pages\/6\/revisions"}],"predecessor-version":[{"id":191,"href":"https:\/\/salvatornetz.de\/sprachcafe\/wp-json\/wp\/v2\/pages\/6\/revisions\/191"}],"wp:attachment":[{"href":"https:\/\/salvatornetz.de\/sprachcafe\/wp-json\/wp\/v2\/media?parent=6"}],"curies":[{"name":"wp","href":"https:\/\/api.w.org\/{rel}","templated":true}]}}