{"id":60,"date":"2025-09-07T17:04:42","date_gmt":"2025-09-07T15:04:42","guid":{"rendered":"https:\/\/salvatornetz.de\/sprachcafe\/?page_id=60"},"modified":"2025-09-07T17:04:42","modified_gmt":"2025-09-07T15:04:42","slug":"woerter","status":"publish","type":"page","link":"https:\/\/salvatornetz.de\/sprachcafe\/woerter\/","title":{"rendered":"W\u00f6rter"},"content":{"rendered":"\n<p>Es wird gesagt, dass man mit 700 W\u00f6rtern einer fremden Sprache sich schon verst\u00e4ndlich machen kann.<br>Die BILD-Zeitung berichtet am 7. September 2024 von einem Experten, der herausfand, dass unsere Kinder schlecht Deutsch sprechen.<br>Er w\u00fcnscht, dass die neu eingeschulten Kinder die 100 h\u00e4ufigsten W\u00f6rter erlernen m\u00fcssen.<br>Welche W\u00f6rter das sein sollen, steht in diesem Artikel hier: <\/p>\n\n\n\n<figure class=\"wp-block-image size-large is-resized\"><img loading=\"lazy\" decoding=\"async\" width=\"492\" height=\"1024\" src=\"https:\/\/salvatornetz.de\/sprachcafe\/wp-content\/uploads\/2025\/09\/100Woerter-492x1024.jpg\" alt=\"\" class=\"wp-image-61\" style=\"width:630px;height:auto\" srcset=\"https:\/\/salvatornetz.de\/sprachcafe\/wp-content\/uploads\/2025\/09\/100Woerter-492x1024.jpg 492w, https:\/\/salvatornetz.de\/sprachcafe\/wp-content\/uploads\/2025\/09\/100Woerter-144x300.jpg 144w, https:\/\/salvatornetz.de\/sprachcafe\/wp-content\/uploads\/2025\/09\/100Woerter.jpg 682w\" sizes=\"auto, (max-width: 492px) 85vw, 492px\" \/><\/figure>\n\n\n\n<p><br>Im DUDEN, dem W\u00f6rterbuch der deutschen Sprache, findet man nicht nur die h\u00e4ufigsten W\u00f6rter, die man kennen muss, sondern auch die h\u00e4ufigsten Substantive (Hauptw\u00f6rter), Adjektive (Eigenschaftsw\u00f6rter) und Verben (T\u00e4tigkeitsw\u00f6rter).<br>Hier zu dieser Seite: <a href=\"https:\/\/www.duden.de\/sprachwissen\/sprachratgeber\/Die-haufigsten-Worter-deutschsprachigen-Texten\" target=\"_blank\" rel=\"noreferrer noopener\">DUDEN<\/a> . <\/p>\n","protected":false},"excerpt":{"rendered":"<p>Es wird gesagt, dass man mit 700 W\u00f6rtern einer fremden Sprache sich schon verst\u00e4ndlich machen kann.Die BILD-Zeitung berichtet am 7. September 2024 von einem Experten, der herausfand, dass unsere Kinder schlecht Deutsch sprechen.Er w\u00fcnscht, dass die neu eingeschulten Kinder die 100 h\u00e4ufigsten W\u00f6rter erlernen m\u00fcssen.Welche W\u00f6rter das sein sollen, steht in diesem Artikel hier: Im &hellip; <a href=\"https:\/\/salvatornetz.de\/sprachcafe\/woerter\/\" class=\"more-link\"><span class=\"screen-reader-text\">\u201eW\u00f6rter\u201c <\/span>weiterlesen<\/a><\/p>\n","protected":false},"author":1,"featured_media":0,"parent":0,"menu_order":0,"comment_status":"open","ping_status":"closed","template":"","meta":{"footnotes":""},"class_list":["post-60","page","type-page","status-publish","hentry"],"_links":{"self":[{"href":"https:\/\/salvatornetz.de\/sprachcafe\/wp-json\/wp\/v2\/pages\/60","targetHints":{"allow":["GET"]}}],"collection":[{"href":"https:\/\/salvatornetz.de\/sprachcafe\/wp-json\/wp\/v2\/pages"}],"about":[{"href":"https:\/\/salvatornetz.de\/sprachcafe\/wp-json\/wp\/v2\/types\/page"}],"author":[{"embeddable":true,"href":"https:\/\/salvatornetz.de\/sprachcafe\/wp-json\/wp\/v2\/users\/1"}],"replies":[{"embeddable":true,"href":"https:\/\/salvatornetz.de\/sprachcafe\/wp-json\/wp\/v2\/comments?post=60"}],"version-history":[{"count":1,"href":"https:\/\/salvatornetz.de\/sprachcafe\/wp-json\/wp\/v2\/pages\/60\/revisions"}],"predecessor-version":[{"id":63,"href":"https:\/\/salvatornetz.de\/sprachcafe\/wp-json\/wp\/v2\/pages\/60\/revisions\/63"}],"wp:attachment":[{"href":"https:\/\/salvatornetz.de\/sprachcafe\/wp-json\/wp\/v2\/media?parent=60"}],"curies":[{"name":"wp","href":"https:\/\/api.w.org\/{rel}","templated":true}]}}