{"id":65,"date":"2025-09-07T17:19:14","date_gmt":"2025-09-07T15:19:14","guid":{"rendered":"https:\/\/salvatornetz.de\/sprachcafe\/?page_id=65"},"modified":"2025-09-07T20:21:27","modified_gmt":"2025-09-07T18:21:27","slug":"test-online","status":"publish","type":"page","link":"https:\/\/salvatornetz.de\/sprachcafe\/test-online\/","title":{"rendered":"Test Online"},"content":{"rendered":"\n<p>Einen kostenlosen Test findet man im Internet auf<br><a href=\"https:\/\/www.sprachtest.de\/einstufungstest-deutsch\">https:\/\/www.sprachtest.de\/einstufungstest-deutsch<\/a>.<br>Man erh\u00e4lt nach 15 Minuten das Ergebnis f\u00fcr Lesen, H\u00f6ren und Wortschatz und ein Zertifikat von A1 bis C2 f\u00fcr die eigene E-Mail-Adresse<\/p>\n\n\n\n<ul class=\"wp-block-list\">\n<li>Worauf ist zu achten?<br>Da der Zeitaufwand das Ergebnis beeinflusst, einfach hintereinander ohne Pause antworten. Also f\u00fcr den Test alle Unterbrechungen vermeiden. Wenn W\u00f6rter zu erg\u00e4nzen sind, dann auch Tippfehler vermeiden.<\/li>\n\n\n\n<li>Wo ist der Haken?<br>Es hei\u00dft im Englischen: &#8222;No such thing as a free lunch.&#8220; und irgendwer muss irgendwo bezahlen. Man gibt seinen Namen und die E-Mail bekannt. Mit dem kostenlosen Test macht sich das Unternehmen, der Verlag <a href=\"https:\/\/www.deutsch-perfekt.com\/deutsch-ueben\/einstufungstest-niveau\" target=\"_blank\" rel=\"noreferrer noopener\">DIE ZEIT<\/a> bekannt und kann somit f\u00fcr seine Produkte werben. Auf der verlinkten Seite gibt es einen Einstufungstest ohne Zertifikat. <\/li>\n<\/ul>\n","protected":false},"excerpt":{"rendered":"<p>Einen kostenlosen Test findet man im Internet aufhttps:\/\/www.sprachtest.de\/einstufungstest-deutsch.Man erh\u00e4lt nach 15 Minuten das Ergebnis f\u00fcr Lesen, H\u00f6ren und Wortschatz und ein Zertifikat von A1 bis C2 f\u00fcr die eigene E-Mail-Adresse<\/p>\n","protected":false},"author":1,"featured_media":0,"parent":0,"menu_order":0,"comment_status":"open","ping_status":"closed","template":"","meta":{"footnotes":""},"class_list":["post-65","page","type-page","status-publish","hentry"],"_links":{"self":[{"href":"https:\/\/salvatornetz.de\/sprachcafe\/wp-json\/wp\/v2\/pages\/65","targetHints":{"allow":["GET"]}}],"collection":[{"href":"https:\/\/salvatornetz.de\/sprachcafe\/wp-json\/wp\/v2\/pages"}],"about":[{"href":"https:\/\/salvatornetz.de\/sprachcafe\/wp-json\/wp\/v2\/types\/page"}],"author":[{"embeddable":true,"href":"https:\/\/salvatornetz.de\/sprachcafe\/wp-json\/wp\/v2\/users\/1"}],"replies":[{"embeddable":true,"href":"https:\/\/salvatornetz.de\/sprachcafe\/wp-json\/wp\/v2\/comments?post=65"}],"version-history":[{"count":2,"href":"https:\/\/salvatornetz.de\/sprachcafe\/wp-json\/wp\/v2\/pages\/65\/revisions"}],"predecessor-version":[{"id":69,"href":"https:\/\/salvatornetz.de\/sprachcafe\/wp-json\/wp\/v2\/pages\/65\/revisions\/69"}],"wp:attachment":[{"href":"https:\/\/salvatornetz.de\/sprachcafe\/wp-json\/wp\/v2\/media?parent=65"}],"curies":[{"name":"wp","href":"https:\/\/api.w.org\/{rel}","templated":true}]}}