{"id":74,"date":"2025-09-08T16:14:09","date_gmt":"2025-09-08T14:14:09","guid":{"rendered":"https:\/\/salvatornetz.de\/sprachcafe\/?page_id=74"},"modified":"2025-09-08T16:14:09","modified_gmt":"2025-09-08T14:14:09","slug":"uebung","status":"publish","type":"page","link":"https:\/\/salvatornetz.de\/sprachcafe\/uebung\/","title":{"rendered":"\u00dcbung"},"content":{"rendered":"\n<p>Ein \u00dcbungsblatt, das Doris gerne verwendet.<br><\/p>\n\n\n\n<figure class=\"wp-block-image size-full\"><img loading=\"lazy\" decoding=\"async\" width=\"843\" height=\"700\" src=\"https:\/\/salvatornetz.de\/sprachcafe\/wp-content\/uploads\/2025\/09\/vierFaelle.jpg\" alt=\"\" class=\"wp-image-75\" srcset=\"https:\/\/salvatornetz.de\/sprachcafe\/wp-content\/uploads\/2025\/09\/vierFaelle.jpg 843w, https:\/\/salvatornetz.de\/sprachcafe\/wp-content\/uploads\/2025\/09\/vierFaelle-300x249.jpg 300w, https:\/\/salvatornetz.de\/sprachcafe\/wp-content\/uploads\/2025\/09\/vierFaelle-768x638.jpg 768w\" sizes=\"auto, (max-width: 709px) 85vw, (max-width: 909px) 67vw, (max-width: 1362px) 62vw, 840px\" \/><\/figure>\n\n\n\n<hr class=\"wp-block-separator has-alpha-channel-opacity is-style-wide\"\/>\n\n\n\n<p>Auf der Webseite <a href=\"https:\/\/deutsch-mit-anna.de\/lektion\/faelle\/\" target=\"_blank\" rel=\"noreferrer noopener\">https:\/\/deutsch-mit-anna.de\/lektion\/faelle\/<\/a> geht es ausf\u00fchrlich weiter:<br>Der Inhalt:<br><br>&#8211; Was sollte man \u00fcber den Kasus wissen?<br>&#8211; Kontrollfragen \u2013 so fragst du nach dem Kasus<br>&#8211; Deklination \u2013 was genau ver\u00e4ndert sich durch den Kasus?<br>&#8211; Warum braucht man \u00fcberhaupt die F\u00e4lle?<br>&#8211; Die 4 F\u00e4lle im \u00dcberblick<br>&#8211; Der Kasus \u2013 Zusammenfassung<br>&#8211; Der Kasus \u2013 \u00dcbungen<br>&#8211; H\u00e4ufige Fragen und<br>&#8211; Weitere Lektionen zum Thema<\/p>\n","protected":false},"excerpt":{"rendered":"<p>Ein \u00dcbungsblatt, das Doris gerne verwendet. Auf der Webseite https:\/\/deutsch-mit-anna.de\/lektion\/faelle\/ geht es ausf\u00fchrlich weiter:Der Inhalt: &#8211; Was sollte man \u00fcber den Kasus wissen?&#8211; Kontrollfragen \u2013 so fragst du nach dem Kasus&#8211; Deklination \u2013 was genau ver\u00e4ndert sich durch den Kasus?&#8211; Warum braucht man \u00fcberhaupt die F\u00e4lle?&#8211; Die 4 F\u00e4lle im \u00dcberblick&#8211; Der Kasus \u2013 Zusammenfassung&#8211; &hellip; <a href=\"https:\/\/salvatornetz.de\/sprachcafe\/uebung\/\" class=\"more-link\"><span class=\"screen-reader-text\">\u201e\u00dcbung\u201c <\/span>weiterlesen<\/a><\/p>\n","protected":false},"author":1,"featured_media":0,"parent":0,"menu_order":0,"comment_status":"open","ping_status":"closed","template":"","meta":{"footnotes":""},"class_list":["post-74","page","type-page","status-publish","hentry"],"_links":{"self":[{"href":"https:\/\/salvatornetz.de\/sprachcafe\/wp-json\/wp\/v2\/pages\/74","targetHints":{"allow":["GET"]}}],"collection":[{"href":"https:\/\/salvatornetz.de\/sprachcafe\/wp-json\/wp\/v2\/pages"}],"about":[{"href":"https:\/\/salvatornetz.de\/sprachcafe\/wp-json\/wp\/v2\/types\/page"}],"author":[{"embeddable":true,"href":"https:\/\/salvatornetz.de\/sprachcafe\/wp-json\/wp\/v2\/users\/1"}],"replies":[{"embeddable":true,"href":"https:\/\/salvatornetz.de\/sprachcafe\/wp-json\/wp\/v2\/comments?post=74"}],"version-history":[{"count":1,"href":"https:\/\/salvatornetz.de\/sprachcafe\/wp-json\/wp\/v2\/pages\/74\/revisions"}],"predecessor-version":[{"id":77,"href":"https:\/\/salvatornetz.de\/sprachcafe\/wp-json\/wp\/v2\/pages\/74\/revisions\/77"}],"wp:attachment":[{"href":"https:\/\/salvatornetz.de\/sprachcafe\/wp-json\/wp\/v2\/media?parent=74"}],"curies":[{"name":"wp","href":"https:\/\/api.w.org\/{rel}","templated":true}]}}