{"id":80,"date":"2025-09-08T16:46:47","date_gmt":"2025-09-08T14:46:47","guid":{"rendered":"https:\/\/salvatornetz.de\/sprachcafe\/?page_id=80"},"modified":"2025-09-08T17:03:22","modified_gmt":"2025-09-08T15:03:22","slug":"tastatur","status":"publish","type":"page","link":"https:\/\/salvatornetz.de\/sprachcafe\/about\/e-mails\/tastatur\/","title":{"rendered":"Tastatur"},"content":{"rendered":"\n<figure class=\"wp-block-table\"><table class=\"has-fixed-layout\"><tbody><tr><td>9. August 2025: <strong>Wo ist das \u00fc?<\/strong><br>Mein PC stammt aus der Ukraine und hat diese Tastatur:<br><img loading=\"lazy\" decoding=\"async\" width=\"1024\" height=\"307\" class=\"wp-image-81\" src=\"https:\/\/salvatornetz.de\/sprachcafe\/wp-content\/uploads\/2025\/09\/UA-Keyboard-1024x307.png\" alt=\"\" srcset=\"https:\/\/salvatornetz.de\/sprachcafe\/wp-content\/uploads\/2025\/09\/UA-Keyboard-1024x307.png 1024w, https:\/\/salvatornetz.de\/sprachcafe\/wp-content\/uploads\/2025\/09\/UA-Keyboard-300x90.png 300w, https:\/\/salvatornetz.de\/sprachcafe\/wp-content\/uploads\/2025\/09\/UA-Keyboard-768x230.png 768w, https:\/\/salvatornetz.de\/sprachcafe\/wp-content\/uploads\/2025\/09\/UA-Keyboard-1536x461.png 1536w, https:\/\/salvatornetz.de\/sprachcafe\/wp-content\/uploads\/2025\/09\/UA-Keyboard-1200x360.png 1200w, https:\/\/salvatornetz.de\/sprachcafe\/wp-content\/uploads\/2025\/09\/UA-Keyboard.png 1591w\" sizes=\"auto, (max-width: 709px) 85vw, (max-width: 909px) 67vw, (max-width: 1362px) 62vw, 840px\" \/><br>Bitte, wo ist da ein \u00fc?<\/td><\/tr><tr><td><strong>Antwort:<\/strong><br>Auf der deutschen Tastatur gleich rechts neben dem P.<br>Hat man aber die US\/Tastatur eingestellt, liegt rechts neben dem P eine \u00f6ffnende eckige Klammer [ und es gibt kein \u00fc. Dann ist es hilfsweise erlaubt, stattdessen ue zu verwenden. Beispiele: Fruehling, gruenes Gemuese. Das ist aber huebsch haesslich (h\u00fcbsch h\u00e4\u00dflich)<\/td><\/tr><\/tbody><\/table><\/figure>\n\n\n\n<hr class=\"wp-block-separator has-alpha-channel-opacity is-style-wide\"\/>\n\n\n\n<p>Mehr davon auf <a href=\"https:\/\/de.wikipedia.org\/wiki\/Tastaturbelegung\">https:\/\/de.wikipedia.org\/wiki\/Tastaturbelegung<\/a> auf Deutsch oder in 36 anderen Sprachen.<br>Meine mobile Tastatur stammt aus Deutschland und sieht so aus: <\/p>\n\n\n\n<figure class=\"wp-block-image size-full\"><img loading=\"lazy\" decoding=\"async\" width=\"1020\" height=\"462\" src=\"https:\/\/salvatornetz.de\/sprachcafe\/wp-content\/uploads\/2025\/09\/DE-keyboard.png\" alt=\"\" class=\"wp-image-82\" srcset=\"https:\/\/salvatornetz.de\/sprachcafe\/wp-content\/uploads\/2025\/09\/DE-keyboard.png 1020w, https:\/\/salvatornetz.de\/sprachcafe\/wp-content\/uploads\/2025\/09\/DE-keyboard-300x136.png 300w, https:\/\/salvatornetz.de\/sprachcafe\/wp-content\/uploads\/2025\/09\/DE-keyboard-768x348.png 768w\" sizes=\"auto, (max-width: 709px) 85vw, (max-width: 909px) 67vw, (max-width: 1362px) 62vw, 840px\" \/><\/figure>\n","protected":false},"excerpt":{"rendered":"<p>9. August 2025: Wo ist das \u00fc?Mein PC stammt aus der Ukraine und hat diese Tastatur:Bitte, wo ist da ein \u00fc? Antwort:Auf der deutschen Tastatur gleich rechts neben dem P.Hat man aber die US\/Tastatur eingestellt, liegt rechts neben dem P eine \u00f6ffnende eckige Klammer [ und es gibt kein \u00fc. Dann ist es hilfsweise erlaubt, &hellip; <a href=\"https:\/\/salvatornetz.de\/sprachcafe\/about\/e-mails\/tastatur\/\" class=\"more-link\"><span class=\"screen-reader-text\">\u201eTastatur\u201c <\/span>weiterlesen<\/a><\/p>\n","protected":false},"author":1,"featured_media":0,"parent":28,"menu_order":0,"comment_status":"open","ping_status":"closed","template":"","meta":{"footnotes":""},"class_list":["post-80","page","type-page","status-publish","hentry"],"_links":{"self":[{"href":"https:\/\/salvatornetz.de\/sprachcafe\/wp-json\/wp\/v2\/pages\/80","targetHints":{"allow":["GET"]}}],"collection":[{"href":"https:\/\/salvatornetz.de\/sprachcafe\/wp-json\/wp\/v2\/pages"}],"about":[{"href":"https:\/\/salvatornetz.de\/sprachcafe\/wp-json\/wp\/v2\/types\/page"}],"author":[{"embeddable":true,"href":"https:\/\/salvatornetz.de\/sprachcafe\/wp-json\/wp\/v2\/users\/1"}],"replies":[{"embeddable":true,"href":"https:\/\/salvatornetz.de\/sprachcafe\/wp-json\/wp\/v2\/comments?post=80"}],"version-history":[{"count":5,"href":"https:\/\/salvatornetz.de\/sprachcafe\/wp-json\/wp\/v2\/pages\/80\/revisions"}],"predecessor-version":[{"id":88,"href":"https:\/\/salvatornetz.de\/sprachcafe\/wp-json\/wp\/v2\/pages\/80\/revisions\/88"}],"up":[{"embeddable":true,"href":"https:\/\/salvatornetz.de\/sprachcafe\/wp-json\/wp\/v2\/pages\/28"}],"wp:attachment":[{"href":"https:\/\/salvatornetz.de\/sprachcafe\/wp-json\/wp\/v2\/media?parent=80"}],"curies":[{"name":"wp","href":"https:\/\/api.w.org\/{rel}","templated":true}]}}