{"id":90,"date":"2025-09-08T17:29:10","date_gmt":"2025-09-08T15:29:10","guid":{"rendered":"https:\/\/salvatornetz.de\/sprachcafe\/?page_id=90"},"modified":"2025-09-09T08:17:32","modified_gmt":"2025-09-09T06:17:32","slug":"aktuelle-woerter","status":"publish","type":"page","link":"https:\/\/salvatornetz.de\/sprachcafe\/woerter\/aktuelle-woerter\/","title":{"rendered":"Aktuelle W\u00f6rter"},"content":{"rendered":"\n<p>Der Deutschlandfunk bietet <a href=\"https:\/\/www.nachrichtenleicht.de\/\" target=\"_blank\" rel=\"noreferrer noopener\">Nachrichten in leichter Sprache<\/a>. Das Bild stammt vom 8. September 2025. Diese leicht verst\u00e4ndlichen Nachrichten k\u00f6nnen beim H\u00f6ren auch mitgelesen werden.<\/p>\n\n\n\n<figure class=\"wp-block-image size-full is-resized\"><a href=\"https:\/\/www.nachrichtenleicht.de\/auslaendische-berufsabschluesse-100.html\" target=\"_blank\" rel=\" noreferrer noopener\"><img loading=\"lazy\" decoding=\"async\" width=\"265\" height=\"438\" src=\"https:\/\/salvatornetz.de\/sprachcafe\/wp-content\/uploads\/2025\/09\/nachrichten.png\" alt=\"\" class=\"wp-image-91\" style=\"width:630px;height:auto\" srcset=\"https:\/\/salvatornetz.de\/sprachcafe\/wp-content\/uploads\/2025\/09\/nachrichten.png 265w, https:\/\/salvatornetz.de\/sprachcafe\/wp-content\/uploads\/2025\/09\/nachrichten-182x300.png 182w\" sizes=\"auto, (max-width: 265px) 85vw, 265px\" \/><\/a><\/figure>\n\n\n\n<hr class=\"wp-block-separator has-alpha-channel-opacity is-style-wide\"\/>\n\n\n\n<p>Nicht nur h\u00f6ren und lesen ist m\u00f6glich. Der Deutschlandfunk bietet zus\u00e4tzlich noch ein <a href=\"https:\/\/www.nachrichtenleicht.de\/woerterbuch\" target=\"_blank\" rel=\"noreferrer noopener\">W\u00f6rterbuch<\/a> mit Erkl\u00e4rungen zu speziellen W\u00f6rtern aus den Meldungen der Woche. Auf der mit dem Bild verlinkten Seite wird unten das Wort Arbeit-Geber erkl\u00e4rt. <\/p>\n","protected":false},"excerpt":{"rendered":"<p>Der Deutschlandfunk bietet Nachrichten in leichter Sprache. Das Bild stammt vom 8. September 2025. Diese leicht verst\u00e4ndlichen Nachrichten k\u00f6nnen beim H\u00f6ren auch mitgelesen werden. Nicht nur h\u00f6ren und lesen ist m\u00f6glich. Der Deutschlandfunk bietet zus\u00e4tzlich noch ein W\u00f6rterbuch mit Erkl\u00e4rungen zu speziellen W\u00f6rtern aus den Meldungen der Woche. Auf der mit dem Bild verlinkten Seite &hellip; <a href=\"https:\/\/salvatornetz.de\/sprachcafe\/woerter\/aktuelle-woerter\/\" class=\"more-link\"><span class=\"screen-reader-text\">\u201eAktuelle W\u00f6rter\u201c <\/span>weiterlesen<\/a><\/p>\n","protected":false},"author":1,"featured_media":0,"parent":60,"menu_order":0,"comment_status":"open","ping_status":"closed","template":"","meta":{"footnotes":""},"class_list":["post-90","page","type-page","status-publish","hentry"],"_links":{"self":[{"href":"https:\/\/salvatornetz.de\/sprachcafe\/wp-json\/wp\/v2\/pages\/90","targetHints":{"allow":["GET"]}}],"collection":[{"href":"https:\/\/salvatornetz.de\/sprachcafe\/wp-json\/wp\/v2\/pages"}],"about":[{"href":"https:\/\/salvatornetz.de\/sprachcafe\/wp-json\/wp\/v2\/types\/page"}],"author":[{"embeddable":true,"href":"https:\/\/salvatornetz.de\/sprachcafe\/wp-json\/wp\/v2\/users\/1"}],"replies":[{"embeddable":true,"href":"https:\/\/salvatornetz.de\/sprachcafe\/wp-json\/wp\/v2\/comments?post=90"}],"version-history":[{"count":3,"href":"https:\/\/salvatornetz.de\/sprachcafe\/wp-json\/wp\/v2\/pages\/90\/revisions"}],"predecessor-version":[{"id":102,"href":"https:\/\/salvatornetz.de\/sprachcafe\/wp-json\/wp\/v2\/pages\/90\/revisions\/102"}],"up":[{"embeddable":true,"href":"https:\/\/salvatornetz.de\/sprachcafe\/wp-json\/wp\/v2\/pages\/60"}],"wp:attachment":[{"href":"https:\/\/salvatornetz.de\/sprachcafe\/wp-json\/wp\/v2\/media?parent=90"}],"curies":[{"name":"wp","href":"https:\/\/api.w.org\/{rel}","templated":true}]}}